{"id":226,"date":"2026-04-28T14:21:47","date_gmt":"2026-04-28T07:21:47","guid":{"rendered":"https:\/\/sanbaycamranh.com\/?page_id=226"},"modified":"2026-05-04T12:02:32","modified_gmt":"2026-05-04T05:02:32","slug":"home","status":"publish","type":"page","link":"https:\/\/sanbaycamranh.com\/en\/","title":{"rendered":"C\u1ed5ng d\u1ecbch v\u1ee5 du l\u1ecbch &amp; \u0111\u01b0a \u0111\u00f3n s\u00e2n bay Cam Ranh"},"content":{"rendered":"\n  <div class=\"banner-grid-wrapper\">\n  <div id=\"banner-grid-1374221225\" class=\"banner-grid row row-grid row-small\" data-packery-options=\"\">\n                      \n\n<div class=\"col grid-col small-12 large-3 grid-col-1\" ><div class=\"col-inner\">\n\n\n  <div class=\"banner has-hover bg-glow bg-overlay-add\" id=\"banner-445503101\">\n          <div class=\"banner-inner fill\">\n        <div class=\"banner-bg fill\" >\n            <img loading=\"lazy\" decoding=\"async\" width=\"500\" height=\"750\" src=\"https:\/\/sanbaycamranh.com\/wp-content\/uploads\/2026\/04\/camranh-beach-e1777367380706.png\" class=\"bg attachment-large size-large\" alt=\"\" \/>                        <div class=\"overlay\"><\/div>            \n                    <\/div>\n\t\t\n        <div class=\"banner-layers container\">\n            <a class=\"fill\" href=\"\/blog\/\"><div class=\"fill banner-link\"><\/div><\/a>            \n\n   <div id=\"text-box-1462480351\" class=\"text-box banner-layer x50 md-x50 lg-x50 y50 md-y50 lg-y50 res-text\">\n                                <div class=\"text-box-content text dark\">\n              \n              <div class=\"text-inner text-center\">\n                  \n\n<h3 class=\"uppercase\"><strong>Cam Ranh Beach Escapes<\/strong><\/h3>\n\n              <\/div>\n           <\/div>\n                            \n<style>\n#text-box-1462480351 {\n  width: 100%;\n}\n#text-box-1462480351 .text-box-content {\n  font-size: 187%;\n}\n@media (min-width:550px) {\n  #text-box-1462480351 {\n    width: 70%;\n  }\n}\n<\/style>\n    <\/div>\n \n\n        <\/div>\n      <\/div>\n\n            \n<style>\n#banner-445503101 {\n  padding-top: 500px;\n}\n#banner-445503101 .overlay {\n  background-color: rgba(0, 0, 0, 0.58);\n}\n<\/style>\n  <\/div>\n\n\n\n<\/div><\/div>\n<div class=\"col grid-col large-6 grid-col-1-2\" ><div class=\"col-inner\">\n\n\n  <div class=\"banner has-hover bg-overlay-add\" id=\"banner-2019689237\">\n          <div class=\"banner-inner fill\">\n        <div class=\"banner-bg fill\" >\n            <img loading=\"lazy\" decoding=\"async\" width=\"700\" height=\"466\" src=\"https:\/\/sanbaycamranh.com\/wp-content\/uploads\/2026\/04\/resort.jpg\" class=\"bg attachment-original size-original\" alt=\"\" \/>                        <div class=\"overlay\"><\/div>            \n                    <\/div>\n\t\t\n        <div class=\"banner-layers container\">\n            <a class=\"fill\" href=\"\/dat-cho-khach-san\/\"><div class=\"fill banner-link\"><\/div><\/a>            \n\n   <div id=\"text-box-1732586614\" class=\"text-box banner-layer x50 md-x50 lg-x50 y50 md-y50 lg-y50 res-text\">\n                                <div class=\"text-box-content text dark\">\n              \n              <div class=\"text-inner text-center\">\n                  \n\n<h3 class=\"uppercase\"><strong>THI\u00caN \u0110\u01af\u1edcNG NGH\u1ec8 D\u01af\u1ee0NG<\/strong><\/h3>\n\n              <\/div>\n           <\/div>\n                            \n<style>\n#text-box-1732586614 {\n  width: 100%;\n}\n#text-box-1732586614 .text-box-content {\n  font-size: 100%;\n}\n@media (min-width:550px) {\n  #text-box-1732586614 {\n    width: 40%;\n  }\n}\n<\/style>\n    <\/div>\n \n\n        <\/div>\n      <\/div>\n\n            \n<style>\n#banner-2019689237 {\n  padding-top: 500px;\n}\n#banner-2019689237 .overlay {\n  background-color: rgba(0, 0, 0, 0.58);\n}\n#banner-2019689237 .banner-bg img {\n  object-position: 0% 0%;\n}\n<\/style>\n  <\/div>\n\n\n\n<\/div><\/div>\n<div class=\"col grid-col small-6 large-3 grid-col-1-2\" ><div class=\"col-inner\">\n\n\n  <div class=\"banner has-hover bg-glow bg-overlay-add\" id=\"banner-1403995775\">\n          <div class=\"banner-inner fill\">\n        <div class=\"banner-bg fill\" >\n            <img loading=\"lazy\" decoding=\"async\" width=\"500\" height=\"500\" src=\"https:\/\/sanbaycamranh.com\/wp-content\/uploads\/2026\/04\/khampha-e1777368813597.png\" class=\"bg attachment-original size-original\" alt=\"\" \/>                        <div class=\"overlay\"><\/div>            \n                    <\/div>\n\t\t\n        <div class=\"banner-layers container\">\n            <a class=\"fill\" href=\"\/local-tour\/\"><div class=\"fill banner-link\"><\/div><\/a>            \n\n   <div id=\"text-box-361629786\" class=\"text-box banner-layer x50 md-x50 lg-x50 y50 md-y50 lg-y50 res-text\">\n                                <div class=\"text-box-content text dark\">\n              \n              <div class=\"text-inner text-center\">\n                  \n\n<h3 class=\"uppercase\"><strong>Tour kh\u00e1m ph\u00e1<\/strong><\/h3>\n\n              <\/div>\n           <\/div>\n                            \n<style>\n#text-box-361629786 {\n  width: 100%;\n}\n#text-box-361629786 .text-box-content {\n  font-size: 100%;\n}\n@media (min-width:550px) {\n  #text-box-361629786 {\n    width: 40%;\n  }\n}\n<\/style>\n    <\/div>\n \n\n        <\/div>\n      <\/div>\n\n            \n<style>\n#banner-1403995775 {\n  padding-top: 500px;\n}\n#banner-1403995775 .overlay {\n  background-color: rgba(0, 0, 0, 0.58);\n}\n#banner-1403995775 .banner-bg img {\n  object-position: 1% 6%;\n}\n<\/style>\n  <\/div>\n\n\n\n<\/div><\/div>\n<div class=\"col grid-col large-6 grid-col-1-2\" ><div class=\"col-inner\">\n\n\n  <div class=\"banner has-hover bg-glow bg-overlay-add\" id=\"banner-1339324797\">\n          <div class=\"banner-inner fill\">\n        <div class=\"banner-bg fill\" >\n            <img loading=\"lazy\" decoding=\"async\" width=\"800\" height=\"427\" src=\"https:\/\/sanbaycamranh.com\/wp-content\/uploads\/2026\/04\/dichvusanbay-e1777368026167.png\" class=\"bg attachment-2048x2048 size-2048x2048\" alt=\"\" \/>                        <div class=\"overlay\"><\/div>            \n                    <\/div>\n\t\t\n        <div class=\"banner-layers container\">\n            <a class=\"fill\" href=\"\/dat-lich-spa\/\"><div class=\"fill banner-link\"><\/div><\/a>            \n\n   <div id=\"text-box-1574362604\" class=\"text-box banner-layer x95 md-x5 lg-x20 y95 md-y0 lg-y5 res-text\">\n                                <div class=\"text-box-content text dark\">\n              \n              <div class=\"text-inner text-center\">\n                  \n\n<div class=\"container section-title-container\" ><h3 class=\"section-title section-title-bold-center\"><b aria-hidden=\"true\"><\/b><span class=\"section-title-main\" style=\"color:#14b8a6;\">D\u1ecbch v\u1ee5<\/span><b aria-hidden=\"true\"><\/b><\/h3><\/div>\n\n\n              <\/div>\n           <\/div>\n                            \n<style>\n#text-box-1574362604 {\n  width: 53%;\n}\n#text-box-1574362604 .text-box-content {\n  font-size: 100%;\n}\n@media (min-width:550px) {\n  #text-box-1574362604 {\n    width: 25%;\n  }\n}\n@media (min-width:850px) {\n  #text-box-1574362604 {\n    width: 23%;\n  }\n}\n<\/style>\n    <\/div>\n \n\n        <\/div>\n      <\/div>\n\n            \n<style>\n#banner-1339324797 {\n  padding-top: 500px;\n}\n#banner-1339324797 .overlay {\n  background-color: rgba(0, 0, 0, 0.58);\n}\n#banner-1339324797 .banner-bg img {\n  object-position: 95% 67%;\n}\n<\/style>\n  <\/div>\n\n\n\n<\/div><\/div>\n<div class=\"col grid-col small-6 large-3 grid-col-1-2\" ><div class=\"col-inner\">\n\n\n  <div class=\"banner has-hover bg-glow bg-overlay-add\" id=\"banner-502296107\">\n          <div class=\"banner-inner fill\">\n        <div class=\"banner-bg fill\" >\n            <img loading=\"lazy\" decoding=\"async\" width=\"800\" height=\"800\" src=\"https:\/\/sanbaycamranh.com\/wp-content\/uploads\/2026\/04\/dia-diem-an-uong-800x800.png\" class=\"bg attachment-large size-large\" alt=\"\" \/>                        <div class=\"overlay\"><\/div>            \n                    <\/div>\n\t\t\n        <div class=\"banner-layers container\">\n            <a class=\"fill\" href=\"\/dat-cho-nha-hang\/\"><div class=\"fill banner-link\"><\/div><\/a>            \n\n   <div id=\"text-box-1790687411\" class=\"text-box banner-layer x50 md-x50 lg-x50 y50 md-y50 lg-y50 res-text\">\n                                <div class=\"text-box-content text dark\">\n              \n              <div class=\"text-inner text-center\">\n                  \n\n<h3 class=\"uppercase\"><strong>\u0102N U\u1ed0NG CAM RANH<\/strong><\/h3>\n<p>\u00a0<\/p>\n\n              <\/div>\n           <\/div>\n                            \n<style>\n#text-box-1790687411 {\n  width: 97%;\n}\n#text-box-1790687411 .text-box-content {\n  font-size: 100%;\n}\n@media (min-width:550px) {\n  #text-box-1790687411 {\n    width: 40%;\n  }\n}\n<\/style>\n    <\/div>\n \n\n        <\/div>\n      <\/div>\n\n            \n<style>\n#banner-502296107 {\n  padding-top: 500px;\n}\n#banner-502296107 .overlay {\n  background-color: rgba(0, 0, 0, 0.58);\n}\n<\/style>\n  <\/div>\n\n\n\n<\/div><\/div>\n\n            <\/div>\n    <style>\n    #banner-grid-1374221225 .grid-col-1{height: 600px}\n    #banner-grid-1374221225 .grid-col-1-2{height: 300px}\n    #banner-grid-1374221225 .grid-col-1-3{height:200px}\n    #banner-grid-1374221225 .grid-col-2-3{height: 400px}\n    #banner-grid-1374221225 .grid-col-1-4{height: 150px}\n    #banner-grid-1374221225 .grid-col-3-4{height: 450px}\n\n\n    \n    \n\n  <\/style>\n    <\/div>\n  \n\n<div class=\"container section-title-container\" style=\"margin-top:25px;\"><h3 class=\"section-title section-title-center\"><b aria-hidden=\"true\"><\/b><span class=\"section-title-main\" style=\"font-size:undefined%;\">\u0110i\u1ec3m \u0111\u1ebfn<\/span><b aria-hidden=\"true\"><\/b><\/h3><\/div>\n\n<div class=\"container section-title-container\" style=\"margin-top:25px;\"><h3 class=\"section-title section-title-center\"><b aria-hidden=\"true\"><\/b><span class=\"section-title-main\" style=\"font-size:undefined%;\">Kh\u00e1m ph\u00e1 tr\u1ea3i nghi\u1ec7m<\/span><b aria-hidden=\"true\"><\/b><\/h3><\/div>\n\n\n","protected":false},"excerpt":{"rendered":"","protected":false},"author":1,"featured_media":0,"parent":0,"menu_order":0,"comment_status":"closed","ping_status":"closed","template":"page-blank.php","meta":{"footnotes":""},"class_list":["post-226","page","type-page","status-publish","hentry"],"_links":{"self":[{"href":"https:\/\/sanbaycamranh.com\/en\/wp-json\/wp\/v2\/pages\/226","targetHints":{"allow":["GET"]}}],"collection":[{"href":"https:\/\/sanbaycamranh.com\/en\/wp-json\/wp\/v2\/pages"}],"about":[{"href":"https:\/\/sanbaycamranh.com\/en\/wp-json\/wp\/v2\/types\/page"}],"author":[{"embeddable":true,"href":"https:\/\/sanbaycamranh.com\/en\/wp-json\/wp\/v2\/users\/1"}],"replies":[{"embeddable":true,"href":"https:\/\/sanbaycamranh.com\/en\/wp-json\/wp\/v2\/comments?post=226"}],"version-history":[{"count":65,"href":"https:\/\/sanbaycamranh.com\/en\/wp-json\/wp\/v2\/pages\/226\/revisions"}],"predecessor-version":[{"id":443,"href":"https:\/\/sanbaycamranh.com\/en\/wp-json\/wp\/v2\/pages\/226\/revisions\/443"}],"wp:attachment":[{"href":"https:\/\/sanbaycamranh.com\/en\/wp-json\/wp\/v2\/media?parent=226"}],"curies":[{"name":"wp","href":"https:\/\/api.w.org\/{rel}","templated":true}]}}