{"id":339,"date":"2026-04-29T12:58:23","date_gmt":"2026-04-29T05:58:23","guid":{"rendered":"https:\/\/sanbaycamranh.com\/?page_id=339"},"modified":"2026-05-04T15:02:16","modified_gmt":"2026-05-04T08:02:16","slug":"dat-lich-spa","status":"publish","type":"page","link":"https:\/\/sanbaycamranh.com\/vi\/dat-lich-spa\/","title":{"rendered":"\u0110\u1eb7t l\u1ecbch Spa"},"content":{"rendered":"\n  <div id=\"page-header-2062839015\" class=\"page-header-wrapper\">\n  <div class=\"page-title dark featured-title\">\n\n        <div class=\"page-title-bg\">\n      <div class=\"title-bg fill bg-fill\"\n        data-parallax-container=\".page-title\"\n        data-parallax-background\n        data-parallax=\"-\">\n      <\/div>\n      <div class=\"title-overlay fill\"><\/div>\n    <\/div>\n    \n    <div class=\"page-title-inner container align-center flex-row medium-flex-wrap row-reverse\" >\n              <div class=\"title-wrapper uppercase is-larger flex-col text-right medium-text-center\">\n          <h1 class=\"entry-title mb-0\">\n            \u0110\u1eb7t l\u1ecbch Spa          <\/h1>\n        <\/div>\n                    <div class=\"title-content flex-col flex-left text-left medium-text-center\">\n        <div class=\"title-breadcrumbs pb-half pt-half\"><\/div>      <\/div>\n    <\/div>\n\n     \n<style>\n#page-header-2062839015 .title-bg {\n  background-image: url(https:\/\/sanbaycamranh.com\/wp-content\/uploads\/2026\/05\/spa1.avif);\n  background-position: 44% 0%;\n}\n<\/style>\n  <\/div>\n    <\/div>\n  \n\n<div class=\"row\"  id=\"row-1467187504\">\n\n\n\t<div id=\"col-1180188071\" class=\"col medium-6 small-12 large-6\"  >\n\t\t\t\t<div class=\"col-inner\"  >\n\t\t\t\n\t\t\t\n\n\t<div class=\"img has-hover x md-x lg-x y md-y lg-y\" id=\"image_996281309\">\n\t\t\t\t\t\t\t\t<div class=\"img-inner dark\" >\n\t\t\t<img loading=\"lazy\" decoding=\"async\" width=\"550\" height=\"400\" src=\"https:\/\/sanbaycamranh.com\/wp-content\/uploads\/2026\/05\/spa-550x400.jpg\" class=\"attachment-medium size-medium\" alt=\"\" srcset=\"https:\/\/sanbaycamranh.com\/wp-content\/uploads\/2026\/05\/spa-550x400.jpg 550w, https:\/\/sanbaycamranh.com\/wp-content\/uploads\/2026\/05\/spa-1099x800.jpg 1099w, https:\/\/sanbaycamranh.com\/wp-content\/uploads\/2026\/05\/spa-768x559.jpg 768w, https:\/\/sanbaycamranh.com\/wp-content\/uploads\/2026\/05\/spa-1536x1118.jpg 1536w, https:\/\/sanbaycamranh.com\/wp-content\/uploads\/2026\/05\/spa.jpg 1649w\" sizes=\"auto, (max-width: 550px) 100vw, 550px\" \/>\t\t\t\t\t\t\n\t\t\t\t\t<\/div>\n\t\t\t\t\t\t\t\t\n<style>\n#image_996281309 {\n  width: 100%;\n}\n<\/style>\n\t<\/div>\n\t\n\n<div class=\"row\"  id=\"row-1200009580\">\n\n\n\t<div id=\"col-1846730214\" class=\"col small-12 large-12\"  >\n\t\t\t\t<div class=\"col-inner\"  >\n\t\t\t\n\t\t\t\n\n\t<div id=\"text-2851048908\" class=\"text\">\n\t\t\n\n<h1>Massage th\u01b0 gi\u00e3n<\/h1>\n<p>\u0110\u00e2y l\u00e0 l\u1ef1a ch\u1ecdn ph\u1ed5 bi\u1ebfn nh\u1ea5t d\u00e0nh cho du kh\u00e1ch v\u1eeba xu\u1ed1ng s\u00e2n bay ho\u1eb7c c\u1ea7n th\u01b0 gi\u00e3n nhanh sau h\u00e0nh tr\u00ecnh d\u00e0i. C\u00e1c li\u1ec7u tr\u00ecnh massage th\u01b0 gi\u00e3n th\u01b0\u1eddng t\u1eadp trung v\u00e0o vai, c\u1ed5, l\u01b0ng v\u00e0 ch\u00e2n, gi\u00fap gi\u1ea3m c\u0103ng c\u01a1, c\u1ea3i thi\u1ec7n tu\u1ea7n ho\u00e0n m\u00e1u v\u00e0 mang l\u1ea1i c\u1ea3m gi\u00e1c d\u1ec5 ch\u1ecbu t\u1ee9c th\u00ec.<\/p>\n<p>Ph\u00f9 h\u1ee3p v\u1edbi:<\/p>\n<ul>\n<li>\n<p>kh\u00e1ch v\u1eeba \u0111\u00e1p chuy\u1ebfn bay<\/p>\n<\/li>\n<li>\n<p>ng\u01b0\u1eddi m\u1ec7t m\u1ecfi do ng\u1ed3i l\u00e2u<\/p>\n<\/li>\n<li>\n<p>kh\u00e1ch c\u1ea7n th\u01b0 gi\u00e3n nhanh tr\u01b0\u1edbc khi check-in kh\u00e1ch s\u1ea1n<\/p>\n<\/li>\n<\/ul>\n\t\t\n<style>\n#text-2851048908 {\n  color: #0f437e;\n}\n#text-2851048908 > * {\n  color: #0f437e;\n}\n<\/style>\n\t<\/div>\n\t\n\n  <div class=\"banner has-hover\" id=\"banner-12744495\">\n          <div class=\"banner-inner fill\">\n        <div class=\"banner-bg fill\" >\n            <img loading=\"lazy\" decoding=\"async\" width=\"1024\" height=\"683\" src=\"https:\/\/sanbaycamranh.com\/wp-content\/uploads\/2026\/05\/spa2.jpg\" class=\"bg attachment-original size-original\" alt=\"\" \/>                        <div class=\"overlay\"><\/div>            \n            <div class=\"effect-sparkle bg-effect fill no-click\"><\/div>        <\/div>\n\t\t\n        <div class=\"banner-layers container\">\n            <div class=\"fill banner-link\"><\/div>            \n\n   <div id=\"text-box-966608289\" class=\"text-box banner-layer x50 md-x50 lg-x50 y90 md-y90 lg-y90 res-text\">\n                                <div class=\"text-box-content text dark\">\n              \n              <div class=\"text-inner text-center\">\n                  \n\n<h2 class=\"uppercase\">Resort spa wellness<\/h2>\n<h2 class=\"uppercase\">t\u1ea1i B\u00e3i D\u00e0i Cam Ranh<\/h2>\n<a href=\"https:\/\/forms.gle\/EfiK1Mm2Crvkg66j7\" target=\"_blank\" class=\"button white is-shade is-large\" rel=\"noopener\" >\n\t\t<span>Book now<\/span>\n\t<\/a>\n\n\n\n              <\/div>\n           <\/div>\n                            \n<style>\n#text-box-966608289 {\n  width: 80%;\n}\n#text-box-966608289 .text-box-content {\n  font-size: 100%;\n}\n<\/style>\n    <\/div>\n \n\n        <\/div>\n      <\/div>\n\n            \n<style>\n#banner-12744495 {\n  padding-top: 300px;\n}\n#banner-12744495 .overlay {\n  background-color: rgba(0, 0, 0, 0.2);\n}\n<\/style>\n  <\/div>\n\n\n\n\t\t<\/div>\n\t\t\t\t\t<\/div>\n\n\t\n\n<\/div>\n\n\t\t<\/div>\n\t\t\t\t\t<\/div>\n\n\t\n\n\t<div id=\"col-1312509302\" class=\"col medium-6 small-12 large-6\"  >\n\t\t\t\t<div class=\"col-inner\"  >\n\t\t\t\n\t\t\t\n\n<div class=\"slider-wrapper relative\" id=\"slider-953956999\" >\n    <div class=\"slider slider-nav-circle slider-nav-large slider-nav-light slider-style-normal\"\n        data-flickity-options='{\n            \"cellAlign\": \"center\",\n            \"imagesLoaded\": true,\n            \"lazyLoad\": 1,\n            \"freeScroll\": false,\n            \"wrapAround\": true,\n            \"autoPlay\": 6000,\n            \"pauseAutoPlayOnHover\" : true,\n            \"prevNextButtons\": true,\n            \"contain\" : true,\n            \"adaptiveHeight\" : true,\n            \"dragThreshold\" : 10,\n            \"percentPosition\": true,\n            \"pageDots\": true,\n            \"rightToLeft\": false,\n            \"draggable\": true,\n            \"selectedAttraction\": 0.1,\n            \"parallax\" : 0,\n            \"friction\": 0.6        }'\n        >\n        \n\n\n  <div class=\"banner has-hover\" id=\"banner-1440536699\">\n          <div class=\"banner-inner fill\">\n        <div class=\"banner-bg fill\" >\n            <img loading=\"lazy\" decoding=\"async\" width=\"1020\" height=\"545\" src=\"https:\/\/sanbaycamranh.com\/wp-content\/uploads\/2026\/05\/spa1-1400x748.avif\" class=\"bg attachment-large size-large\" alt=\"\" \/>                                    \n                    <\/div>\n\t\t\n        <div class=\"banner-layers container\">\n            <div class=\"fill banner-link\"><\/div>            \n\n   <div id=\"text-box-1376757636\" class=\"text-box banner-layer x50 md-x50 lg-x50 y50 md-y50 lg-y50 res-text\">\n                                <div class=\"text-box-content text dark\">\n              \n              <div class=\"text-inner text-center\">\n                  \n\n<h3>C\u00e1c lo\u1ea1i spa ph\u1ed5 bi\u1ebfn<\/h3>\n\n              <\/div>\n           <\/div>\n                            \n<style>\n#text-box-1376757636 {\n  width: 60%;\n}\n#text-box-1376757636 .text-box-content {\n  font-size: 100%;\n}\n<\/style>\n    <\/div>\n \n\n        <\/div>\n      <\/div>\n\n            \n<style>\n#banner-1440536699 {\n  padding-top: 500px;\n}\n<\/style>\n  <\/div>\n\n\n\n     <\/div>\n\n     <div class=\"loading-spin dark large centered\"><\/div>\n\n\t<\/div>\n\n\n\t<div id=\"text-1616571184\" class=\"text\">\n\t\t\n\n<h1>D\u1ecbch v\u1ee5 Spa th\u01b0 gi\u00e3n<\/h1>\n<p>Sau chuy\u1ebfn bay d\u00e0i, m\u1ed9t li\u1ec7u tr\u00ecnh spa th\u01b0 gi\u00e3n l\u00e0 c\u00e1ch l\u00fd t\u01b0\u1edfng \u0111\u1ec3 ph\u1ee5c h\u1ed3i n\u0103ng l\u01b0\u1ee3ng, gi\u1ea3m m\u1ec7t m\u1ecfi v\u00e0 b\u1eaft \u0111\u1ea7u h\u00e0nh tr\u00ecnh ngh\u1ec9 d\u01b0\u1ee1ng m\u1ed9t c\u00e1ch tr\u1ecdn v\u1eb9n. T\u1ea1i khu v\u1ef1c s\u00e2n bay Cam Ranh, B\u00e3i D\u00e0i v\u00e0 Nha Trang, du kh\u00e1ch c\u00f3 th\u1ec3 d\u1ec5 d\u00e0ng t\u00ecm th\u1ea5y nhi\u1ec1u lo\u1ea1i h\u00ecnh spa ph\u00f9 h\u1ee3p v\u1edbi m\u1ecdi nhu c\u1ea7u \u2013 t\u1eeb massage th\u01b0 gi\u00e3n nhanh \u0111\u1ebfn c\u00e1c li\u1ec7u tr\u00ecnh ch\u0103m s\u00f3c cao c\u1ea5p t\u1ea1i resort.<\/p>\n<p>Sanbaycamranh.com mang \u0111\u1ebfn d\u1ecbch v\u1ee5 h\u1ed7 tr\u1ee3 \u0111\u1eb7t spa nhanh ch\u00f3ng, ti\u1ec7n l\u1ee3i, gi\u00fap du kh\u00e1ch d\u1ec5 d\u00e0ng l\u1ef1a ch\u1ecdn tr\u1ea3i nghi\u1ec7m th\u01b0 gi\u00e3n ph\u00f9 h\u1ee3p ngay sau khi h\u1ea1 c\u00e1nh ho\u1eb7c tr\u01b0\u1edbc gi\u1edd ra s\u00e2n bay.<\/p>\n<p>Spa l\u00e0 m\u1ed9t trong nh\u1eefng d\u1ecbch v\u1ee5 th\u01b0 gi\u00e3n \u0111\u01b0\u1ee3c nhi\u1ec1u du kh\u00e1ch l\u1ef1a ch\u1ecdn khi \u0111\u1ebfn Cam Ranh. V\u1edbi \u0111a d\u1ea1ng lo\u1ea1i h\u00ecnh t\u1eeb massage nhanh, foot massage, facial spa \u0111\u1ebfn resort spa cao c\u1ea5p, khu v\u1ef1c s\u00e2n bay Cam Ranh lu\u00f4n c\u00f3 l\u1ef1a ch\u1ecdn ph\u00f9 h\u1ee3p cho m\u1ecdi nhu c\u1ea7u. Sanbaycamranh.com gi\u00fap b\u1ea1n k\u1ebft n\u1ed1i nhanh ch\u00f3ng v\u1edbi nh\u1eefng d\u1ecbch v\u1ee5 spa ti\u1ec7n l\u1ee3i, ch\u1ea5t l\u01b0\u1ee3ng v\u00e0 ph\u00f9 h\u1ee3p nh\u1ea5t cho h\u00e0nh tr\u00ecnh c\u1ee7a m\u00ecnh.<\/p>\n\t\t\n<style>\n#text-1616571184 {\n  color: rgb(145, 96, 84);\n}\n#text-1616571184 > * {\n  color: rgb(145, 96, 84);\n}\n<\/style>\n\t<\/div>\n\t\n\n\t\t<\/div>\n\t\t\t\t\t<\/div>\n\n\t\n\n<\/div>\n  <div id=\"page-header-719225801\" class=\"page-header-wrapper\">\n  <div class=\"page-title dark featured-title\">\n\n        <div class=\"page-title-bg\">\n      <div class=\"title-bg fill bg-fill\"\n        data-parallax-container=\".page-title\"\n        data-parallax-background\n        data-parallax=\"-\">\n      <\/div>\n      <div class=\"title-overlay fill\"><\/div>\n    <\/div>\n    \n    <div class=\"page-title-inner container align-center text-center flex-row-col medium-flex-wrap\" >\n              <div class=\"title-wrapper uppercase is-xsmall flex-col\">\n          <h1 class=\"entry-title mb-0\">\n            B\u1ea2NG GI\u00c1 D\u1ecaCH V\u1ee4          <\/h1>\n        <\/div>\n                    <div class=\"title-content flex-col\">\n              <\/div>\n    <\/div>\n\n     \n<style>\n#page-header-719225801 .title-overlay {\n  background-color: #14b8a6;\n}\n#page-header-719225801 .featured-title {\n  background-color: #c05530;\n}\n<\/style>\n  <\/div>\n    <\/div>\n  \n\n\t<div id=\"gap-2048507913\" class=\"gap-element clearfix\" style=\"display:block; height:auto;\">\n\t\t\n<style>\n#gap-2048507913 {\n  padding-top: 30px;\n}\n<\/style>\n\t<\/div>\n\t\n\n<div class=\"row row-box-shadow-3 row-box-shadow-5-hover\"  id=\"row-403467032\">\n\n\n\t<div id=\"col-1345699158\" class=\"col medium-4 small-12 large-4\"  >\n\t\t\t\t<div class=\"col-inner\"  >\n\t\t\t\n\t\t\t\n\n<div class=\"pricing-table-wrapper\">\n  <div class=\"pricing-table ux_price_table text-center box-shadow-3-hover featured-table\"style=\"background-color:#ebbebe;\">\n    <div class=\"pricing-table-header\">\n      <div class=\"title uppercase strong\">Relaxing Massage<\/div>\n      <div class=\"price is-xxlarge\">600.000 VND<\/div>\n              <div class=\"description is-small\">\n          \u0110\u00e2y l\u00e0 lo\u1ea1i spa ph\u1ed5 bi\u1ebfn nh\u1ea5t, ph\u00f9 h\u1ee3p cho kh\u00e1ch v\u1eeba xu\u1ed1ng s\u00e2n bay ho\u1eb7c c\u1ea7n th\u01b0 gi\u00e3n nh\u1eb9 nh\u00e0ng.        <\/div>\n          <\/div>\n    <div class=\"pricing-table-items items\">\n      \n\n<div class=\"bullet-item\" title=\"\"><span class=\"text\">* Ng\u00e2m ch\u00e2n th\u1ea3o d\u01b0\u1ee3c<\/span><\/div>\n\n<div class=\"bullet-item\" title=\"\"><span class=\"text\">++ Massage b\u00e0n ch\u00e2n<\/span><\/div>\n\n<div class=\"bullet-item\" title=\"\"><span class=\"text\">+++ B\u1ea5m huy\u1ec7t<\/span><\/div>\n\n<div class=\"bullet-item\" title=\"\"><span class=\"text\">++++ Massage b\u1eafp ch\u00e2n<\/span><\/div>\n\n\n    <\/div>\n      <\/div>\n<\/div>\n\n\n\n\t\t<\/div>\n\t\t\t\t\t<\/div>\n\n\t\n\n\t<div id=\"col-288074349\" class=\"col medium-4 small-12 large-4\"  >\n\t\t\t\t<div class=\"col-inner\"  >\n\t\t\t\n\t\t\t\n\n<div class=\"pricing-table-wrapper\">\n  <div class=\"pricing-table ux_price_table text-center box-shadow-3-hover featured-table\"style=\"background-color:#e6ffc3;\">\n    <div class=\"pricing-table-header\">\n      <div class=\"title uppercase strong\">Foot Massage<\/div>\n      <div class=\"price is-xxlarge\">900.000 VND<\/div>\n              <div class=\"description is-small\">\n          Foot massage r\u1ea5t \u0111\u01b0\u1ee3c kh\u00e1ch du l\u1ecbch \u01b0a chu\u1ed9ng v\u00ec nhanh, nh\u1eb9 v\u00e0 hi\u1ec7u qu\u1ea3.        <\/div>\n          <\/div>\n    <div class=\"pricing-table-items items\">\n      \n\n<div class=\"bullet-item\" title=\"\"><span class=\"text\">* Ng\u00e2m ch\u00e2n th\u1ea3o d\u01b0\u1ee3c<\/span><\/div>\n\n<div class=\"bullet-item\" title=\"\"><span class=\"text\">++ Massage b\u00e0n ch\u00e2n<\/span><\/div>\n\n<div class=\"bullet-item\" title=\"\"><span class=\"text\">+++ B\u1ea5m huy\u1ec7t<\/span><\/div>\n\n<div class=\"bullet-item\" title=\"\"><span class=\"text\">++++ Massage b\u1eafp ch\u00e2n<\/span><\/div>\n\n\n    <\/div>\n      <\/div>\n<\/div>\n\n\n\n\t\t<\/div>\n\t\t\t\t\t<\/div>\n\n\t\n\n\t<div id=\"col-995626637\" class=\"col medium-4 small-12 large-4\"  >\n\t\t\t\t<div class=\"col-inner\"  >\n\t\t\t\n\t\t\t\n\n<div class=\"pricing-table-wrapper\">\n  <div class=\"pricing-table ux_price_table text-center box-shadow-3-hover featured-table\"style=\"background-color:#14b8a6;\">\n    <div class=\"pricing-table-header\">\n      <div class=\"title uppercase strong\">Body Massage<\/div>\n      <div class=\"price is-xxlarge\">1.500.000 VND<\/div>\n              <div class=\"description is-small\">\n          \u0110\u00e2y l\u00e0 l\u1ef1a ch\u1ecdn ph\u00f9 h\u1ee3p n\u1ebfu b\u1ea1n mu\u1ed1n ph\u1ee5c h\u1ed3i c\u01a1 th\u1ec3 ho\u00e0n to\u00e0n sau chuy\u1ebfn bay ho\u1eb7c l\u1ecbch tr\u00ecnh d\u00e0i.        <\/div>\n          <\/div>\n    <div class=\"pricing-table-items items\">\n      \n\n<div class=\"bullet-item\" title=\"\"><span class=\"text\">* Massage l\u01b0ng<\/span><\/div>\n\n<div class=\"bullet-item\" title=\"\"><span class=\"text\">+ Massage vai c\u1ed5 g\u00e1y<\/span><\/div>\n\n<div class=\"bullet-item\" title=\"\"><span class=\"text\">+ Massage tay ch\u00e2n<\/span><\/div>\n\n<div class=\"bullet-item\" title=\"\"><span class=\"text\">+ Massage b\u1ea5m huy\u1ec7t to\u00e0n th\u00e2n<\/span><\/div>\n\n<div class=\"bullet-item\" title=\"\"><span class=\"text\">+ Massage \u0111\u00e1 n\u00f3ng\/tinh d\u1ea7u<\/span><\/div>\n\n\n    <\/div>\n      <\/div>\n<\/div>\n\n\n\n\t\t<\/div>\n\t\t\t\t\t<\/div>\n\n\t\n\n\t<div id=\"col-1979720925\" class=\"col medium-4 small-12 large-4\"  >\n\t\t\t\t<div class=\"col-inner\"  >\n\t\t\t\n\t\t\t\n\n<div class=\"pricing-table-wrapper\">\n  <div class=\"pricing-table ux_price_table text-center box-shadow-3-hover featured-table\"style=\"background-color:#14b8a6;\">\n    <div class=\"pricing-table-header\">\n      <div class=\"title uppercase strong\">Herbal Spa<\/div>\n      <div class=\"price is-xxlarge\">1.900.000 VND<\/div>\n              <div class=\"description is-small\">\n          Lo\u1ea1i h\u00ecnh n\u00e0y k\u1ebft h\u1ee3p th\u01b0 gi\u00e3n v\u1edbi li\u1ec7u ph\u00e1p thi\u00ean nhi\u00ean, r\u1ea5t ph\u00f9 h\u1ee3p cho kh\u00e1ch ngh\u1ec9 d\u01b0\u1ee1ng.        <\/div>\n          <\/div>\n    <div class=\"pricing-table-items items\">\n      \n\n<div class=\"bullet-item\" title=\"\"><span class=\"text\">+ X\u00f4ng th\u1ea3o d\u01b0\u1ee3c<\/span><\/div>\n\n<div class=\"bullet-item\" title=\"\"><span class=\"text\">+ Ng\u00e2m ch\u00e2n th\u1ea3o m\u1ed9c<\/span><\/div>\n\n<div class=\"bullet-item\" title=\"\"><span class=\"text\">+ Massage tinh d\u1ea7u thi\u00ean nhi\u00ean<\/span><\/div>\n\n<div class=\"bullet-item\" title=\"\"><span class=\"text\">+ Ch\u01b0\u1eddm th\u1ea3o d\u01b0\u1ee3c n\u00f3ng<\/span><\/div>\n\n\n    <\/div>\n      <\/div>\n<\/div>\n\n\n\n\t\t<\/div>\n\t\t\t\t\t<\/div>\n\n\t\n\n\t<div id=\"col-831540742\" class=\"col medium-4 small-12 large-4\"  >\n\t\t\t\t<div class=\"col-inner\"  >\n\t\t\t\n\t\t\t\n\n<div class=\"pricing-table-wrapper\">\n  <div class=\"pricing-table ux_price_table text-center box-shadow-3-hover featured-table\"style=\"background-color:#ebbebe;\">\n    <div class=\"pricing-table-header\">\n      <div class=\"title uppercase strong\">Facial Spa<\/div>\n      <div class=\"price is-xxlarge\">2.450.000 VND<\/div>\n              <div class=\"description is-small\">\n          Ph\u00f9 h\u1ee3p cho kh\u00e1ch mu\u1ed1n ph\u1ee5c h\u1ed3i l\u00e0n da sau n\u1eafng bi\u1ec3n, \u0111i m\u00e1y bay ho\u1eb7c thi\u1ebfu ng\u1ee7.        <\/div>\n          <\/div>\n    <div class=\"pricing-table-items items\">\n      \n\n<div class=\"bullet-item\" title=\"\"><span class=\"text\">+ L\u00e0m s\u1ea1ch da<\/span><\/div>\n\n<div class=\"bullet-item\" title=\"\"><span class=\"text\">+ T\u1ea9y t\u1ebf b\u00e0o ch\u1ebft<\/span><\/div>\n\n<div class=\"bullet-item\" title=\"\"><span class=\"text\">+ C\u1ea5p \u1ea9m<\/span><\/div>\n\n<div class=\"bullet-item\" title=\"\"><span class=\"text\">+ \u0110\u1eafp m\u1eb7t n\u1ea1<\/span><\/div>\n\n<div class=\"bullet-item\" title=\"\"><span class=\"text\">+ Massage m\u1eb7t<\/span><\/div>\n\n\n    <\/div>\n      <\/div>\n<\/div>\n\n\n\n\t\t<\/div>\n\t\t\t\t\t<\/div>\n\n\t\n\n\t<div id=\"col-101058926\" class=\"col medium-4 small-12 large-4\"  >\n\t\t\t\t<div class=\"col-inner\"  >\n\t\t\t\n\t\t\t\n\n<div class=\"pricing-table-wrapper\">\n  <div class=\"pricing-table ux_price_table text-center box-shadow-3-hover featured-table\"style=\"background-color:#e6ffc3;\">\n    <div class=\"pricing-table-header\">\n      <div class=\"title uppercase strong\">Hot Stone Massage<\/div>\n      <div class=\"price is-xxlarge\">2.550.000 VND<\/div>\n              <div class=\"description is-small\">\n          M\u1ed9t trong nh\u1eefng d\u1ecbch v\u1ee5 cao c\u1ea5p \u0111\u01b0\u1ee3c nhi\u1ec1u kh\u00e1ch qu\u1ed1c t\u1ebf y\u00eau th\u00edch.        <\/div>\n          <\/div>\n    <div class=\"pricing-table-items items\">\n      \n\n<div class=\"bullet-item\" title=\"\"><span class=\"text\">+ Gi\u1ea3m \u0111au c\u01a1<\/span><\/div>\n\n<div class=\"bullet-item\" title=\"\"><span class=\"text\">+ Th\u01b0 gi\u00e3n s\u00e2u<\/span><\/div>\n\n<div class=\"bullet-item\" title=\"\"><span class=\"text\">+ T\u0103ng tu\u1ea7n ho\u00e0n m\u00e1u<\/span><\/div>\n\n<div class=\"bullet-item\" title=\"\"><span class=\"text\">+ Gi\u1ea3m stress r\u1ea5t t\u1ed1t<\/span><\/div>\n\n\n    <\/div>\n      <\/div>\n<\/div>\n\n\n\n\t\t<\/div>\n\t\t\t\t\t<\/div>\n\n\t\n\n<\/div>\n\t<div id=\"gap-282323081\" class=\"gap-element clearfix\" style=\"display:block; height:auto;\">\n\t\t\n<style>\n#gap-282323081 {\n  padding-top: 30px;\n}\n<\/style>\n\t<\/div>\n\t\n\n<p><iframe loading=\"lazy\" src=\"https:\/\/docs.google.com\/forms\/d\/e\/1FAIpQLSe5w0xaXfCYiT2MyXrxZ4JKBn3b2SVW5B1n-I9Qu9bKGRPcoQ\/viewform?embedded=true\" width=\"100%\" height=\"1258\" frameborder=\"0\" marginheight=\"0\" marginwidth=\"0\">Loading\u2026<\/iframe><\/p>\n\n","protected":false},"excerpt":{"rendered":"","protected":false},"author":1,"featured_media":0,"parent":0,"menu_order":0,"comment_status":"closed","ping_status":"closed","template":"page-blank.php","meta":{"footnotes":""},"class_list":["post-339","page","type-page","status-publish","hentry"],"_links":{"self":[{"href":"https:\/\/sanbaycamranh.com\/vi\/wp-json\/wp\/v2\/pages\/339","targetHints":{"allow":["GET"]}}],"collection":[{"href":"https:\/\/sanbaycamranh.com\/vi\/wp-json\/wp\/v2\/pages"}],"about":[{"href":"https:\/\/sanbaycamranh.com\/vi\/wp-json\/wp\/v2\/types\/page"}],"author":[{"embeddable":true,"href":"https:\/\/sanbaycamranh.com\/vi\/wp-json\/wp\/v2\/users\/1"}],"replies":[{"embeddable":true,"href":"https:\/\/sanbaycamranh.com\/vi\/wp-json\/wp\/v2\/comments?post=339"}],"version-history":[{"count":35,"href":"https:\/\/sanbaycamranh.com\/vi\/wp-json\/wp\/v2\/pages\/339\/revisions"}],"predecessor-version":[{"id":478,"href":"https:\/\/sanbaycamranh.com\/vi\/wp-json\/wp\/v2\/pages\/339\/revisions\/478"}],"wp:attachment":[{"href":"https:\/\/sanbaycamranh.com\/vi\/wp-json\/wp\/v2\/media?parent=339"}],"curies":[{"name":"wp","href":"https:\/\/api.w.org\/{rel}","templated":true}]}}